{"id":156,"date":"2021-04-19T17:36:35","date_gmt":"2021-04-19T15:36:35","guid":{"rendered":"https:\/\/imbstudent.donau-uni.ac.at\/digicults\/?page_id=156"},"modified":"2022-06-15T12:39:34","modified_gmt":"2022-06-15T10:39:34","slug":"online-carbonfootprint","status":"publish","type":"page","link":"https:\/\/academy.digicults.eu\/de\/online-carbonfootprint\/","title":{"rendered":"CO2-Fu\u00dfabdruck"},"content":{"rendered":"<div class=\"fusion-fullwidth fullwidth-box fusion-builder-row-1 fusion-flex-container nonhundred-percent-fullwidth non-hundred-percent-height-scrolling\" style=\"background-color: rgba(255,255,255,0);background-position: center center;background-repeat: no-repeat;border-width: 0px 0px 0px 0px;border-color:#eae9e9;border-style:solid;\" ><div class=\"fusion-builder-row fusion-row fusion-flex-align-items-flex-start\" style=\"max-width:2184px;margin-left: calc(-4% \/ 2 );margin-right: calc(-4% \/ 2 );\"><div class=\"fusion-layout-column fusion_builder_column fusion-builder-column-0 fusion_builder_column_1_1 1_1 fusion-flex-column\"><div class=\"fusion-column-wrapper fusion-flex-justify-content-flex-start fusion-content-layout-column\" style=\"background-position:left top;background-repeat:no-repeat;-webkit-background-size:cover;-moz-background-size:cover;-o-background-size:cover;background-size:cover;padding: 0px 0px 0px 0px;\"><style type=\"text\/css\">@media only screen and (max-width:1024px) {.fusion-title.fusion-title-1{margin-top:0px!important; margin-right:0px!important;margin-bottom:31px!important;margin-left:0px!important;}}@media only screen and (max-width:640px) {.fusion-title.fusion-title-1{margin-top:10px!important; margin-right:0px!important;margin-bottom:10px!important; margin-left:0px!important;}}<\/style><div class=\"fusion-title title fusion-title-1 fusion-title-text fusion-title-size-one\" style=\"margin-top:0px;margin-right:0px;margin-bottom:31px;margin-left:0px;\"><div class=\"title-sep-container title-sep-container-left fusion-no-large-visibility fusion-no-medium-visibility fusion-no-small-visibility\"><div class=\"title-sep sep-double sep-solid\" style=\"border-color:#e0dede;\"><\/div><\/div><h1 class=\"title-heading-left\" style=\"margin:0;\"><h1>Finde den CO2-Fu\u00dfabdruck dieser Seite heraus!<\/h1><\/h1><div class=\"title-sep-container title-sep-container-right\"><div class=\"title-sep sep-double sep-solid\" style=\"border-color:#e0dede;\"><\/div><\/div><\/div><div class=\"fusion-text fusion-text-1\"><\/div><div class=\"fusion-text fusion-text-2\"><p>Unsere Aktivit\u00e4ten im Internet hinterlassen einen CO2-Fu\u00dfabdruck. Du kannst den CO2-Fu\u00dfabdruck deiner Webseite hier testen: <a href=\"https:\/\/www.websitecarbon.com\/\">https:\/\/www.websitecarbon.com\/<\/a><\/p>\n<\/div><iframe src=\"https:\/\/www.websitecarbon.com\/website\/academy-digicults-eu\/\" width=\"100%\" height=\"5200\" frameborder=\"0\" allowfullscreen=\"allowfullscreen\"><\/iframe><\/div><style type=\"text\/css\">.fusion-body .fusion-builder-column-0{width:100% !important;margin-top : 0px;margin-bottom : 20px;}.fusion-builder-column-0 > .fusion-column-wrapper {padding-top : 0px !important;padding-right : 0px !important;margin-right : 1.92%;padding-bottom : 0px !important;padding-left : 0px !important;margin-left : 1.92%;}@media only screen and (max-width:1024px) {.fusion-body .fusion-builder-column-0{width:100% !important;order : 0;}.fusion-builder-column-0 > .fusion-column-wrapper {margin-right : 1.92%;margin-left : 1.92%;}}@media only screen and (max-width:640px) {.fusion-body .fusion-builder-column-0{width:100% !important;order : 0;}.fusion-builder-column-0 > .fusion-column-wrapper {margin-right : 1.92%;margin-left : 1.92%;}}<\/style><\/div><\/div><style type=\"text\/css\">.fusion-body .fusion-flex-container.fusion-builder-row-1{ padding-top : 0px;margin-top : 0px;padding-right : 0px;padding-bottom : 0px;margin-bottom : 0px;padding-left : 0px;}<\/style><\/div>\n","protected":false},"excerpt":{"rendered":"","protected":false},"author":2,"featured_media":0,"parent":0,"menu_order":0,"comment_status":"closed","ping_status":"closed","template":"","meta":{"_bbp_topic_count":0,"_bbp_reply_count":0,"_bbp_total_topic_count":0,"_bbp_total_reply_count":0,"_bbp_voice_count":0,"_bbp_anonymous_reply_count":0,"_bbp_topic_count_hidden":0,"_bbp_reply_count_hidden":0,"_bbp_forum_subforum_count":0,"footnotes":""},"class_list":["post-156","page","type-page","status-publish","hentry"],"yoast_head":"<!-- This site is optimized with the Yoast SEO plugin v16.1.1 - https:\/\/yoast.com\/wordpress\/plugins\/seo\/ -->\n<title>CO2-Fu\u00dfabdruck - DigiCulTS Lernplattform<\/title>\n<meta name=\"description\" content=\"Finde den CO2-Fu\u00dfabdruck dieser Seite heraus! Unsere Aktivit\u00e4ten im Internet hinterlassen einen CO2-Fu\u00dfabdruck.\" \/>\n<link rel=\"canonical\" href=\"https:\/\/academy.digicults.eu\/de\/online-carbonfootprint\/\" \/>\n<meta property=\"og:locale\" content=\"de_DE\" \/>\n<meta property=\"og:type\" content=\"article\" \/>\n<meta property=\"og:title\" content=\"CO2-Fu\u00dfabdruck - DigiCulTS Lernplattform\" \/>\n<meta property=\"og:description\" content=\"Finde den CO2-Fu\u00dfabdruck dieser Seite heraus! Unsere Aktivit\u00e4ten im Internet hinterlassen einen CO2-Fu\u00dfabdruck.\" \/>\n<meta property=\"og:url\" content=\"https:\/\/academy.digicults.eu\/de\/online-carbonfootprint\/\" \/>\n<meta property=\"og:site_name\" content=\"DigiCulTS Lernplattform\" \/>\n<meta property=\"article:modified_time\" content=\"2022-06-15T10:39:34+00:00\" \/>\n<meta name=\"twitter:card\" content=\"summary_large_image\" \/>\n<meta name=\"twitter:label1\" content=\"Est. reading time\">\n\t<meta name=\"twitter:data1\" content=\"2 Minuten\">\n<script type=\"application\/ld+json\" class=\"yoast-schema-graph\">{\"@context\":\"https:\/\/schema.org\",\"@graph\":[{\"@type\":\"WebSite\",\"@id\":\"https:\/\/academy.digicults.eu\/de\/#website\",\"url\":\"https:\/\/academy.digicults.eu\/de\/\",\"name\":\"DigiCulTS Lernplattform\",\"description\":\"Flexible Online-Weiterbildung f\\u00fcr kleine und mittlere Unternehmen\",\"potentialAction\":[{\"@type\":\"SearchAction\",\"target\":\"https:\/\/academy.digicults.eu\/de\/?s={search_term_string}\",\"query-input\":\"required name=search_term_string\"}],\"inLanguage\":\"de-AT\"},{\"@type\":\"WebPage\",\"@id\":\"https:\/\/academy.digicults.eu\/de\/online-carbonfootprint\/#webpage\",\"url\":\"https:\/\/academy.digicults.eu\/de\/online-carbonfootprint\/\",\"name\":\"CO2-Fu\\u00dfabdruck - DigiCulTS Lernplattform\",\"isPartOf\":{\"@id\":\"https:\/\/academy.digicults.eu\/de\/#website\"},\"datePublished\":\"2021-04-19T15:36:35+00:00\",\"dateModified\":\"2022-06-15T10:39:34+00:00\",\"description\":\"Finde den CO2-Fu\\u00dfabdruck dieser Seite heraus! Unsere Aktivit\\u00e4ten im Internet hinterlassen einen CO2-Fu\\u00dfabdruck.\",\"breadcrumb\":{\"@id\":\"https:\/\/academy.digicults.eu\/de\/online-carbonfootprint\/#breadcrumb\"},\"inLanguage\":\"de-AT\",\"potentialAction\":[{\"@type\":\"ReadAction\",\"target\":[\"https:\/\/academy.digicults.eu\/de\/online-carbonfootprint\/\"]}]},{\"@type\":\"BreadcrumbList\",\"@id\":\"https:\/\/academy.digicults.eu\/de\/online-carbonfootprint\/#breadcrumb\",\"itemListElement\":[{\"@type\":\"ListItem\",\"position\":1,\"item\":{\"@type\":\"WebPage\",\"@id\":\"https:\/\/academy.digicults.eu\/de\/\",\"url\":\"https:\/\/academy.digicults.eu\/de\/\",\"name\":\"Home\"}},{\"@type\":\"ListItem\",\"position\":2,\"item\":{\"@type\":\"WebPage\",\"@id\":\"https:\/\/academy.digicults.eu\/de\/online-carbonfootprint\/\",\"url\":\"https:\/\/academy.digicults.eu\/de\/online-carbonfootprint\/\",\"name\":\"CO2-Fu\\u00dfabdruck\"}}]}]}<\/script>\n<!-- \/ Yoast SEO plugin. -->","_links":{"self":[{"href":"https:\/\/academy.digicults.eu\/de\/wp-json\/wp\/v2\/pages\/156","targetHints":{"allow":["GET"]}}],"collection":[{"href":"https:\/\/academy.digicults.eu\/de\/wp-json\/wp\/v2\/pages"}],"about":[{"href":"https:\/\/academy.digicults.eu\/de\/wp-json\/wp\/v2\/types\/page"}],"author":[{"embeddable":true,"href":"https:\/\/academy.digicults.eu\/de\/wp-json\/wp\/v2\/users\/2"}],"replies":[{"embeddable":true,"href":"https:\/\/academy.digicults.eu\/de\/wp-json\/wp\/v2\/comments?post=156"}],"version-history":[{"count":19,"href":"https:\/\/academy.digicults.eu\/de\/wp-json\/wp\/v2\/pages\/156\/revisions"}],"predecessor-version":[{"id":432,"href":"https:\/\/academy.digicults.eu\/de\/wp-json\/wp\/v2\/pages\/156\/revisions\/432"}],"wp:attachment":[{"href":"https:\/\/academy.digicults.eu\/de\/wp-json\/wp\/v2\/media?parent=156"}],"curies":[{"name":"wp","href":"https:\/\/api.w.org\/{rel}","templated":true}]}}