{"id":235,"date":"2021-05-03T15:41:29","date_gmt":"2021-05-03T13:41:29","guid":{"rendered":"https:\/\/imbstudent.donau-uni.ac.at\/digicults\/?page_id=235"},"modified":"2022-06-15T12:41:58","modified_gmt":"2022-06-15T10:41:58","slug":"privacy_policy","status":"publish","type":"page","link":"https:\/\/academy.digicults.eu\/de\/privacy_policy\/","title":{"rendered":"Privacy Policy"},"content":{"rendered":"<div class=\"fusion-fullwidth fullwidth-box fusion-builder-row-1 fusion-flex-container nonhundred-percent-fullwidth non-hundred-percent-height-scrolling\" style=\"background-color: rgba(255,255,255,0);background-position: center center;background-repeat: no-repeat;border-width: 0px 0px 0px 0px;border-color:#eae9e9;border-style:solid;\" ><div class=\"fusion-builder-row fusion-row fusion-flex-align-items-flex-start\" style=\"max-width:2184px;margin-left: calc(-4% \/ 2 );margin-right: calc(-4% \/ 2 );\"><div class=\"fusion-layout-column fusion_builder_column fusion-builder-column-0 fusion_builder_column_1_1 1_1 fusion-flex-column\"><div class=\"fusion-column-wrapper fusion-flex-justify-content-flex-start fusion-content-layout-column\" style=\"background-position:left top;background-repeat:no-repeat;-webkit-background-size:cover;-moz-background-size:cover;-o-background-size:cover;background-size:cover;padding: 0px 0px 0px 0px;\"><div class=\"fusion-text fusion-text-1\"><h1>Datenschutzerkl\u00e4rung f\u00fcr die DigiCulTS Kurse<\/h1>\n<\/div><div class=\"fusion-text fusion-text-2\"><p><strong>Verantwortliche<\/strong><\/p>\n<ol>\n<li>Das Zentrum f\u00fcr angewandte Forschung und Innovation der Universit\u00e4t f\u00fcr Weiterbildung Krems (UWK, Dr. Karl Dorrek Stra\u00dfe 30, 3500 Krems Tel.: 02732 893-0, E-Mail Ansprechpartner_in: gregor.pirker@donau-uni.ac.at <strong>Datenschutzbeauftragte: <\/strong>MMag<sup>a<\/sup>Katharina Ranjan) ist <strong>f\u00fcr die<\/strong> im Rahmen des Betriebes, dieses E-learning Tools verarbeiteten personenbezogenen Daten verantwortlich.<\/li>\n<\/ol>\n<ol start=\"2\">\n<li>Verantwortlich f\u00fcr die Verarbeitung der personenbezogenen Daten im Rahmen der Kursorganisation und -abwicklung sind grunds\u00e4tzlich die Anbieter_innen des jeweiligen Kurses.<\/li>\n<\/ol>\n<p><strong>Art, Zwecke, Rechtsgrundlagen und der Verarbeitung, Empf\u00e4nger_innen <\/strong><\/p>\n<p>Im Zuge der Nutzung der Plattform werden von der UWK folgende Kategorien im Rahmen des Betriebes verarbeitet:<\/p>\n<p>Log-Daten<\/p>\n<p>Die IP-Adresse der Benutzer_innen gemeinsam mit Daten zum Zeitpunkt der Anfrage, dem Ziel der Anfrage, der \u00fcbertragenen Datenmenge, einer Meldung ob die Anfrage erfolgreich war, dem verwendeten Browser, das verwendete Betriebssystem, sowie die Website, von der der Zugriff erfolgte (sollte der Zugriff \u00fcber einen Link erfolgen). Diese Daten dienen ausschlie\u00dflich der Sicherstellung der Systemsicherheit und werden von unserer Auftragsverarbeiterin Acriba GmbH (Hosting-Anbieter) verarbeitet.\u00a0 Rechtsgrundlage sind Art. 6 Abs 1 lit f DSGVO (berechtigtes Interesse) und TKG \u00a7 165 Abs 3.<\/p>\n<p><strong>E-learning contents<\/strong><\/p>\n<p><span lang=\"DE-AT\">E-Learning Inhalte<\/span><\/p>\n<p><span lang=\"DE-AT\">Durch aktives Klicken im bei Aufruf der Website angezeigten Banner entscheiden Sie ob Sie die E-Learning Inhalte:<\/span><\/p>\n<p><b><span lang=\"DE-AT\">A.<\/span><\/b><span lang=\"DE-AT\"> ohne Einbettung von externen Dienstleister_innen in Form von PDFs und Bildern und gegebenenfalls weiterf\u00fchrenden Links bearbeiten wollen;<\/span><\/p>\n<p><span lang=\"DE-AT\">[Diese Verweise auf Websites anderer Internet-TeilnehmerInnen erfolgen als Service\u00adleistung zur Deckung eines weitergehenden Informations\u00adbedarfes der\/des Zugreifenden. Auf deren Inhalt hat die UWK keinen Einfluss und \u00fcbernimmt keinerlei Haftung.] <\/span><\/p>\n<p><span lang=\"DE-AT\">oder<\/span><\/p>\n<p><b><span lang=\"DE-AT\">B. <\/span><\/b><span lang=\"DE-AT\">mit Einbettung von Services externen Dienstleister_innen und der damit einhergehend notwendigen \u00dcbertragung Ihrer personenbezogenen Daten (Online Kennungen, IP Adressen) an diese bearbeiten m\u00f6chten. Dazu z\u00e4hlen: <\/span><\/p>\n<p>&#8211; <a href=\"https:\/\/www.youtube.com\/static?template=terms\">Youtube<\/a><\/p>\n<p>&#8211; <a href=\"https:\/\/soundcloud.com\/pages\/privacy\">Soundcloud<\/a><\/p>\n<p>&#8211; <a href=\"https:\/\/legal.padlet.com\/privacy\">Padlet<\/a><\/p>\n<p>&#8211; <a href=\"https:\/\/support.google.com\/jamboard\/answer\/10400300?hl=en\">Google Jamboard<\/a><\/p>\n<p>Wir weisen darauf hin, dass Sie durch Auswahl der Nutzung des E-Learning Inhalte mit den erw\u00e4hnten Dienstleister_innen der Daten\u00fcbertragung, d.h. Ihrer personenbezogene Daten (z.\u2009B. IP-Adresse) an diese in einem Drittland (USA) zustimmen. Die eingebundenen Dienste k\u00f6nnen in den Anwendungsbereich von 50 U.S.Code \u00a7 1881 (b) (4) fallen und unterliegen als solche der \u00dcberwachung durch US-Geheimdienste gem\u00e4\u00df 50 U.S.Code \u00a7 1881a (\u201eFISA 702\u201d). Die Einhaltung der europ\u00e4ischen Anforderungen zum Datenschutz kann daher nicht garantiert werden. Die \u00dcbertragung Ihrer Daten in ein Drittland f\u00fcr einen bestimmten Zweck erfolgt unter der Ausnahmebestimmung von Art 49 Abs 1 lit a DSGVO, indem Sie uns nach Aufkl\u00e4rung \u00fcber die Risiken im Rahmen des Eingangs erscheinenden Banners konkludent Ihre Einwilligung erteilt haben.<\/p>\n<p><strong>Speicherdauer<\/strong><\/p>\n<p>Log-Daten werden von uns f\u00fcr einen Zeitraum von 30 Tagen gespeichert. Die Speicherdauer der von den eingebetteten Diensten erfassten Daten entnehmen Sie bitte deren Datenschutzerkl\u00e4rung.<\/p>\n<p><b><span lang=\"DE-AT\">Betroffenenrechte<\/span><\/b><\/p>\n<p><span lang=\"DE-AT\">Zur Information \u00fcber Verarbeitungen durch den\/die jeweiligen Kursanbieter_innen wenden Sie sich bitte an die Organisation die Ihnen den Link zu diesem Tool \u00fcbermittelt\/zu Verf\u00fcgung gestellt hat.<\/span><\/p>\n<p><span lang=\"DE-AT\">Zur Aus\u00fcbung der Rechte auf Auskunft, L\u00f6schung etc. gem. Art. 15 \u2013 20 DSGVO bitte um Kontaktaufnahme mit der oben genannten Ansprechpartnerin bzw. subsidi\u00e4r der Datenschutzbeauftragten. Aufgrund mangelnder Identifizierbarkeit k\u00f6nnen Ihre Rechte ohne Bereitstellung weiterer Informationen gem. 11 DSGVO eingeschr\u00e4nkt sein. <\/span><\/p>\n<p><span lang=\"DE-AT\">F\u00fcr allf\u00e4llige<strong>\u00a0<\/strong><strong><span style=\"font-weight: normal;\">Beschwerden<\/span><\/strong>\u00a0wenden Sie sich an die \u00f6sterreichische Datenschutzbeh\u00f6rde (<a href=\"http:\/\/www.dsb.gv.at\/\">www.dsb.gv.at<\/a>).<\/span><\/p>\n<\/div><\/div><style type=\"text\/css\">.fusion-body .fusion-builder-column-0{width:100% !important;margin-top : 5%;margin-bottom : 20px;}.fusion-builder-column-0 > .fusion-column-wrapper {padding-top : 0px !important;padding-right : 0px !important;margin-right : 1.92%;padding-bottom : 0px !important;padding-left : 0px !important;margin-left : 1.92%;}@media only screen and (max-width:1024px) {.fusion-body .fusion-builder-column-0{width:100% !important;order : 0;}.fusion-builder-column-0 > .fusion-column-wrapper {margin-right : 1.92%;margin-left : 1.92%;}}@media only screen and (max-width:640px) {.fusion-body .fusion-builder-column-0{width:100% !important;order : 0;}.fusion-builder-column-0 > .fusion-column-wrapper {margin-right : 1.92%;margin-left : 1.92%;}}<\/style><\/div><\/div><style type=\"text\/css\">.fusion-body .fusion-flex-container.fusion-builder-row-1{ padding-top : 0px;margin-top : 0px;padding-right : 0px;padding-bottom : 0px;margin-bottom : 0px;padding-left : 0px;}<\/style><\/div>\n","protected":false},"excerpt":{"rendered":"","protected":false},"author":1,"featured_media":0,"parent":0,"menu_order":0,"comment_status":"closed","ping_status":"closed","template":"","meta":{"_bbp_topic_count":0,"_bbp_reply_count":0,"_bbp_total_topic_count":0,"_bbp_total_reply_count":0,"_bbp_voice_count":0,"_bbp_anonymous_reply_count":0,"_bbp_topic_count_hidden":0,"_bbp_reply_count_hidden":0,"_bbp_forum_subforum_count":0,"footnotes":""},"class_list":["post-235","page","type-page","status-publish","hentry"],"yoast_head":"<!-- This site is optimized with the Yoast SEO plugin v16.1.1 - https:\/\/yoast.com\/wordpress\/plugins\/seo\/ -->\n<title>Privacy Policy - DigiCulTS Lernplattform<\/title>\n<meta name=\"description\" content=\"Hier findet sich die Datenschutzerkl\u00e4rung f\u00fcr die DigiCulTS Kurse.\" \/>\n<link rel=\"canonical\" href=\"https:\/\/academy.digicults.eu\/de\/privacy_policy\/\" \/>\n<meta property=\"og:locale\" content=\"de_DE\" \/>\n<meta property=\"og:type\" content=\"article\" \/>\n<meta property=\"og:title\" content=\"Privacy Policy - DigiCulTS Lernplattform\" \/>\n<meta property=\"og:description\" content=\"Hier findet sich die Datenschutzerkl\u00e4rung f\u00fcr die DigiCulTS Kurse.\" \/>\n<meta property=\"og:url\" content=\"https:\/\/academy.digicults.eu\/de\/privacy_policy\/\" \/>\n<meta property=\"og:site_name\" content=\"DigiCulTS Lernplattform\" \/>\n<meta property=\"article:modified_time\" content=\"2022-06-15T10:41:58+00:00\" \/>\n<meta name=\"twitter:card\" content=\"summary_large_image\" \/>\n<meta name=\"twitter:label1\" content=\"Est. reading time\">\n\t<meta name=\"twitter:data1\" content=\"4 Minuten\">\n<script type=\"application\/ld+json\" class=\"yoast-schema-graph\">{\"@context\":\"https:\/\/schema.org\",\"@graph\":[{\"@type\":\"WebSite\",\"@id\":\"https:\/\/academy.digicults.eu\/de\/#website\",\"url\":\"https:\/\/academy.digicults.eu\/de\/\",\"name\":\"DigiCulTS Lernplattform\",\"description\":\"Flexible Online-Weiterbildung f\\u00fcr kleine und mittlere Unternehmen\",\"potentialAction\":[{\"@type\":\"SearchAction\",\"target\":\"https:\/\/academy.digicults.eu\/de\/?s={search_term_string}\",\"query-input\":\"required name=search_term_string\"}],\"inLanguage\":\"de-AT\"},{\"@type\":\"WebPage\",\"@id\":\"https:\/\/academy.digicults.eu\/de\/privacy_policy\/#webpage\",\"url\":\"https:\/\/academy.digicults.eu\/de\/privacy_policy\/\",\"name\":\"Privacy Policy - DigiCulTS Lernplattform\",\"isPartOf\":{\"@id\":\"https:\/\/academy.digicults.eu\/de\/#website\"},\"datePublished\":\"2021-05-03T13:41:29+00:00\",\"dateModified\":\"2022-06-15T10:41:58+00:00\",\"description\":\"Hier findet sich die Datenschutzerkl\\u00e4rung f\\u00fcr die DigiCulTS Kurse.\",\"breadcrumb\":{\"@id\":\"https:\/\/academy.digicults.eu\/de\/privacy_policy\/#breadcrumb\"},\"inLanguage\":\"de-AT\",\"potentialAction\":[{\"@type\":\"ReadAction\",\"target\":[\"https:\/\/academy.digicults.eu\/de\/privacy_policy\/\"]}]},{\"@type\":\"BreadcrumbList\",\"@id\":\"https:\/\/academy.digicults.eu\/de\/privacy_policy\/#breadcrumb\",\"itemListElement\":[{\"@type\":\"ListItem\",\"position\":1,\"item\":{\"@type\":\"WebPage\",\"@id\":\"https:\/\/academy.digicults.eu\/de\/\",\"url\":\"https:\/\/academy.digicults.eu\/de\/\",\"name\":\"Home\"}},{\"@type\":\"ListItem\",\"position\":2,\"item\":{\"@type\":\"WebPage\",\"@id\":\"https:\/\/academy.digicults.eu\/de\/privacy_policy\/\",\"url\":\"https:\/\/academy.digicults.eu\/de\/privacy_policy\/\",\"name\":\"Privacy Policy\"}}]}]}<\/script>\n<!-- \/ Yoast SEO plugin. -->","_links":{"self":[{"href":"https:\/\/academy.digicults.eu\/de\/wp-json\/wp\/v2\/pages\/235","targetHints":{"allow":["GET"]}}],"collection":[{"href":"https:\/\/academy.digicults.eu\/de\/wp-json\/wp\/v2\/pages"}],"about":[{"href":"https:\/\/academy.digicults.eu\/de\/wp-json\/wp\/v2\/types\/page"}],"author":[{"embeddable":true,"href":"https:\/\/academy.digicults.eu\/de\/wp-json\/wp\/v2\/users\/1"}],"replies":[{"embeddable":true,"href":"https:\/\/academy.digicults.eu\/de\/wp-json\/wp\/v2\/comments?post=235"}],"version-history":[{"count":11,"href":"https:\/\/academy.digicults.eu\/de\/wp-json\/wp\/v2\/pages\/235\/revisions"}],"predecessor-version":[{"id":433,"href":"https:\/\/academy.digicults.eu\/de\/wp-json\/wp\/v2\/pages\/235\/revisions\/433"}],"wp:attachment":[{"href":"https:\/\/academy.digicults.eu\/de\/wp-json\/wp\/v2\/media?parent=235"}],"curies":[{"name":"wp","href":"https:\/\/api.w.org\/{rel}","templated":true}]}}