{"id":235,"date":"2021-05-03T15:41:29","date_gmt":"2021-05-03T13:41:29","guid":{"rendered":"https:\/\/imbstudent.donau-uni.ac.at\/digicults\/?page_id=235"},"modified":"2022-05-25T12:35:47","modified_gmt":"2022-05-25T10:35:47","slug":"privacy_policy","status":"publish","type":"page","link":"https:\/\/academy.digicults.eu\/esp\/privacy_policy\/","title":{"rendered":"Pol\u00edtica de Privacidad"},"content":{"rendered":"<div class=\"fusion-fullwidth fullwidth-box fusion-builder-row-1 fusion-flex-container nonhundred-percent-fullwidth non-hundred-percent-height-scrolling\" style=\"background-color: rgba(255,255,255,0);background-position: center center;background-repeat: no-repeat;border-width: 0px 0px 0px 0px;border-color:#eae9e9;border-style:solid;\" ><div class=\"fusion-builder-row fusion-row fusion-flex-align-items-flex-start\" style=\"max-width:2184px;margin-left: calc(-4% \/ 2 );margin-right: calc(-4% \/ 2 );\"><div class=\"fusion-layout-column fusion_builder_column fusion-builder-column-0 fusion_builder_column_1_1 1_1 fusion-flex-column\"><div class=\"fusion-column-wrapper fusion-flex-justify-content-flex-start fusion-content-layout-column\" style=\"background-position:left top;background-repeat:no-repeat;-webkit-background-size:cover;-moz-background-size:cover;-o-background-size:cover;background-size:cover;padding: 0px 0px 0px 0px;\"><div class=\"fusion-text fusion-text-1\"><h1>Pol\u00edtica de Privacidad para los Cursos DigiCulTS<\/h1>\n<\/div><div class=\"fusion-text fusion-text-2\"><p><strong>Responsable<\/strong><\/p>\n<p>el Centro de Investigaci\u00f3n Aplicada e Innovaci\u00f3n en el Aprendizaje Permanente<\/p>\n<p>de la Universidad de Formaci\u00f3n Continua de Krems (UWK, Dr. Karl Dorrek Stra\u00dfe 30, 3500 Krems Tel.: 02732 893-0, persona de contacto por correo electr\u00f3nico: gregor.pirker@donau-uni.ac.at Responsable de la protecci\u00f3n de datos: MMaga Katharina Ranjan)<\/p>\n<p>es responsable de los datos personales tratados en el marco del funcionamiento de esta herramienta de aprendizaje electr\u00f3nico.<\/p>\n<p>Los proveedores de los respectivos cursos son responsables del tratamiento de los datos personales en el marco de la organizaci\u00f3n y realizaci\u00f3n del curso.<\/p>\n<p><strong>Naturaleza, fines, base legal y tratamiento, destinatarios<\/strong><\/p>\n<p>En el curso de la utilizaci\u00f3n de la plataforma, la UWK procesa las siguientes categor\u00edas en el curso de su funcionamiento:<\/p>\n<p><strong>Datos de registro<\/strong><\/p>\n<p>La direcci\u00f3n IP del usuario junto con los datos sobre la hora de la solicitud, el objetivo de la misma, la cantidad de datos transferidos, un mensaje sobre si la solicitud se ha realizado con \u00e9xito, el navegador utilizado, el sistema operativo empleado, as\u00ed como la p\u00e1gina web desde la que se ha accedido (si el acceso se ha realizado a trav\u00e9s de un enlace). Estos datos se utilizan exclusivamente para garantizar la seguridad del sistema y son procesados por nuestro procesador de pedidos Acriba GmbH (proveedor de alojamiento).\u00a0 La base legal es el Art. 6 para. 1 lit f DSGVO (inter\u00e9s leg\u00edtimo) y TKG \u00a7 165 para. 3.<\/p>\n<p><strong>Contenidos de aprendizaje electr\u00f3nico<\/strong><\/p>\n<p>Al hacer clic activamente en el banner que se muestra al acceder al sitio web, usted decide si desea utilizar los contenidos de aprendizaje electr\u00f3nico:<\/p>\n<p>A. sin incrustar proveedores de servicios externos en forma de PDF e im\u00e1genes y, en su caso, otros enlaces;<\/p>\n<p>[Estos enlaces a sitios web de otros participantes en Internet se ofrecen como un servicio para satisfacer las necesidades de informaci\u00f3n adicional del usuario. La UWK no influye en su contenido y no asume ninguna responsabilidad].<\/p>\n<p>o<\/p>\n<p>B. con la incrustaci\u00f3n de servicios de proveedores de servicios externos y la correspondiente transferencia necesaria de sus datos personales (identificadores en l\u00ednea, direcciones IP) a los mismos. Estos incluyen:<\/p>\n<p>&#8211; <a href=\"https:\/\/www.youtube.com\/static?template=terms\">Youtube<\/a><\/p>\n<p>&#8211; <a href=\"https:\/\/soundcloud.com\/pages\/privacy\">Soundcloud<\/a><\/p>\n<p>&#8211; <a href=\"https:\/\/legal.padlet.com\/privacy\">Padlet<\/a><\/p>\n<p>&#8211; <a href=\"https:\/\/support.google.com\/jamboard\/answer\/10400300?hl=en\">Google Jamboard<\/a><\/p>\n<p>Nos gustar\u00eda se\u00f1alar que al seleccionar el uso de los contenidos de aprendizaje electr\u00f3nico con los proveedores de servicios mencionados, usted da su consentimiento para la transferencia de datos, es decir, sus datos personales (por ejemplo, la direcci\u00f3n IP) a ellos en un tercer pa\u00eds (EE.UU.). Los servicios incluidos pueden entrar en el \u00e1mbito de aplicaci\u00f3n del 50 U.S.Code \u00a7 1881 (b) (4) y, como tales, est\u00e1n sujetos a la vigilancia de las agencias de inteligencia de EE.UU. en virtud del 50 U.S.Code \u00a7 1881a (&#8222;FISA 702&#8220;). Por lo tanto, no se puede garantizar el cumplimiento de los requisitos europeos de protecci\u00f3n de datos. La transferencia de sus datos a un tercer pa\u00eds con una finalidad espec\u00edfica se produce en virtud de la disposici\u00f3n excepcional del art. 49 (1) lit a DSGVO, en la medida en que usted nos ha dado impl\u00edcitamente su consentimiento tras ser informado de los riesgos en el contexto del banner que aparece en la entrada.<\/p>\n<p><strong>Per\u00edodo de almacenamiento<\/strong><\/p>\n<p>Los datos de registro son almacenados por nosotros durante un per\u00edodo de &#8230;. Para conocer el periodo de almacenamiento de los datos recogidos por los servicios integrados, consulte su pol\u00edtica de privacidad.<\/p>\n<p><strong>Derechos del interesado<\/strong><\/p>\n<p>Para obtener informaci\u00f3n sobre el procesamiento por parte de los respectivos proveedores de cursos, p\u00f3ngase en contacto con la organizaci\u00f3n que le proporcion\u00f3 el enlace a esta herramienta.<\/p>\n<p>Para ejercer sus derechos de acceso, supresi\u00f3n, etc. de acuerdo con el Art. 15 &#8211; 20 de la DSGVO, dir\u00edjase a la persona de contacto antes mencionada o, con car\u00e1cter subsidiario, al responsable de la protecci\u00f3n de datos. Debido a la falta de identificabilidad, sus derechos pueden ser restringidos sin necesidad de proporcionar m\u00e1s informaci\u00f3n de acuerdo con el art\u00edculo 11 del GDPR.<\/p>\n<p>Para cualquier reclamaci\u00f3n, dir\u00edjase a la autoridad austriaca de protecci\u00f3n de datos (www.dsb.gv.at).<\/p>\n<\/div><\/div><style type=\"text\/css\">.fusion-body .fusion-builder-column-0{width:100% !important;margin-top : 5%;margin-bottom : 20px;}.fusion-builder-column-0 > .fusion-column-wrapper {padding-top : 0px !important;padding-right : 0px !important;margin-right : 1.92%;padding-bottom : 0px !important;padding-left : 0px !important;margin-left : 1.92%;}@media only screen and (max-width:1024px) {.fusion-body .fusion-builder-column-0{width:100% !important;order : 0;}.fusion-builder-column-0 > .fusion-column-wrapper {margin-right : 1.92%;margin-left : 1.92%;}}@media only screen and (max-width:640px) {.fusion-body .fusion-builder-column-0{width:100% !important;order : 0;}.fusion-builder-column-0 > .fusion-column-wrapper {margin-right : 1.92%;margin-left : 1.92%;}}<\/style><\/div><\/div><style type=\"text\/css\">.fusion-body .fusion-flex-container.fusion-builder-row-1{ padding-top : 0px;margin-top : 0px;padding-right : 0px;padding-bottom : 0px;margin-bottom : 0px;padding-left : 0px;}<\/style><\/div>\n","protected":false},"excerpt":{"rendered":"","protected":false},"author":1,"featured_media":0,"parent":0,"menu_order":0,"comment_status":"closed","ping_status":"closed","template":"","meta":{"_bbp_topic_count":0,"_bbp_reply_count":0,"_bbp_total_topic_count":0,"_bbp_total_reply_count":0,"_bbp_voice_count":0,"_bbp_anonymous_reply_count":0,"_bbp_topic_count_hidden":0,"_bbp_reply_count_hidden":0,"_bbp_forum_subforum_count":0,"footnotes":""},"class_list":["post-235","page","type-page","status-publish","hentry"],"yoast_head":"<!-- This site is optimized with the Yoast SEO plugin v16.1.1 - https:\/\/yoast.com\/wordpress\/plugins\/seo\/ -->\n<title>Pol\u00edtica de Privacidad - DigiCults<\/title>\n<meta name=\"description\" content=\"Privacy Policy for the DigiCulTS Course Platform\" \/>\n<link rel=\"canonical\" href=\"https:\/\/academy.digicults.eu\/esp\/privacy_policy\/\" \/>\n<meta property=\"og:locale\" content=\"de_DE\" \/>\n<meta property=\"og:type\" content=\"article\" \/>\n<meta property=\"og:title\" content=\"Pol\u00edtica de Privacidad - DigiCults\" \/>\n<meta property=\"og:description\" content=\"Privacy Policy for the DigiCulTS Course Platform\" \/>\n<meta property=\"og:url\" content=\"https:\/\/academy.digicults.eu\/esp\/privacy_policy\/\" \/>\n<meta property=\"og:site_name\" content=\"DigiCults\" \/>\n<meta property=\"article:modified_time\" content=\"2022-05-25T10:35:47+00:00\" \/>\n<meta name=\"twitter:card\" content=\"summary_large_image\" \/>\n<meta name=\"twitter:label1\" content=\"Est. reading time\">\n\t<meta name=\"twitter:data1\" content=\"4 Minuten\">\n<script type=\"application\/ld+json\" class=\"yoast-schema-graph\">{\"@context\":\"https:\/\/schema.org\",\"@graph\":[{\"@type\":\"WebSite\",\"@id\":\"https:\/\/academy.digicults.eu\/esp\/#website\",\"url\":\"https:\/\/academy.digicults.eu\/esp\/\",\"name\":\"DigiCults\",\"description\":\"Website for the Digicultsproject\",\"potentialAction\":[{\"@type\":\"SearchAction\",\"target\":\"https:\/\/academy.digicults.eu\/esp\/?s={search_term_string}\",\"query-input\":\"required name=search_term_string\"}],\"inLanguage\":\"de-AT\"},{\"@type\":\"WebPage\",\"@id\":\"https:\/\/academy.digicults.eu\/esp\/privacy_policy\/#webpage\",\"url\":\"https:\/\/academy.digicults.eu\/esp\/privacy_policy\/\",\"name\":\"Pol\\u00edtica de Privacidad - DigiCults\",\"isPartOf\":{\"@id\":\"https:\/\/academy.digicults.eu\/esp\/#website\"},\"datePublished\":\"2021-05-03T13:41:29+00:00\",\"dateModified\":\"2022-05-25T10:35:47+00:00\",\"description\":\"Privacy Policy for the DigiCulTS Course Platform\",\"breadcrumb\":{\"@id\":\"https:\/\/academy.digicults.eu\/esp\/privacy_policy\/#breadcrumb\"},\"inLanguage\":\"de-AT\",\"potentialAction\":[{\"@type\":\"ReadAction\",\"target\":[\"https:\/\/academy.digicults.eu\/esp\/privacy_policy\/\"]}]},{\"@type\":\"BreadcrumbList\",\"@id\":\"https:\/\/academy.digicults.eu\/esp\/privacy_policy\/#breadcrumb\",\"itemListElement\":[{\"@type\":\"ListItem\",\"position\":1,\"item\":{\"@type\":\"WebPage\",\"@id\":\"https:\/\/academy.digicults.eu\/esp\/\",\"url\":\"https:\/\/academy.digicults.eu\/esp\/\",\"name\":\"Home\"}},{\"@type\":\"ListItem\",\"position\":2,\"item\":{\"@type\":\"WebPage\",\"@id\":\"https:\/\/academy.digicults.eu\/esp\/privacy_policy\/\",\"url\":\"https:\/\/academy.digicults.eu\/esp\/privacy_policy\/\",\"name\":\"Pol\\u00edtica de Privacidad\"}}]}]}<\/script>\n<!-- \/ Yoast SEO plugin. -->","_links":{"self":[{"href":"https:\/\/academy.digicults.eu\/esp\/wp-json\/wp\/v2\/pages\/235","targetHints":{"allow":["GET"]}}],"collection":[{"href":"https:\/\/academy.digicults.eu\/esp\/wp-json\/wp\/v2\/pages"}],"about":[{"href":"https:\/\/academy.digicults.eu\/esp\/wp-json\/wp\/v2\/types\/page"}],"author":[{"embeddable":true,"href":"https:\/\/academy.digicults.eu\/esp\/wp-json\/wp\/v2\/users\/1"}],"replies":[{"embeddable":true,"href":"https:\/\/academy.digicults.eu\/esp\/wp-json\/wp\/v2\/comments?post=235"}],"version-history":[{"count":11,"href":"https:\/\/academy.digicults.eu\/esp\/wp-json\/wp\/v2\/pages\/235\/revisions"}],"predecessor-version":[{"id":453,"href":"https:\/\/academy.digicults.eu\/esp\/wp-json\/wp\/v2\/pages\/235\/revisions\/453"}],"wp:attachment":[{"href":"https:\/\/academy.digicults.eu\/esp\/wp-json\/wp\/v2\/media?parent=235"}],"curies":[{"name":"wp","href":"https:\/\/api.w.org\/{rel}","templated":true}]}}