{"id":343,"date":"2022-04-14T10:50:56","date_gmt":"2022-04-14T08:50:56","guid":{"rendered":"https:\/\/imbstudent.donau-uni.ac.at\/digicults\/?page_id=343"},"modified":"2022-05-25T16:12:40","modified_gmt":"2022-05-25T14:12:40","slug":"download-courses-as-pdf","status":"publish","type":"page","link":"https:\/\/academy.digicults.eu\/esp\/download-courses-as-pdf\/","title":{"rendered":"Descargar Cursos en PDF"},"content":{"rendered":"<p><div class=\"fusion-fullwidth fullwidth-box fusion-builder-row-1 fusion-flex-container nonhundred-percent-fullwidth non-hundred-percent-height-scrolling\" style=\"background-color: rgba(255,255,255,0);background-position: center center;background-repeat: no-repeat;border-width: 0px 0px 0px 0px;border-color:#eae9e9;border-style:solid;\" ><div class=\"fusion-builder-row fusion-row fusion-flex-align-items-flex-start\" style=\"max-width:2184px;margin-left: calc(-4% \/ 2 );margin-right: calc(-4% \/ 2 );\"><div class=\"fusion-layout-column fusion_builder_column fusion-builder-column-0 fusion_builder_column_1_1 1_1 fusion-flex-column\"><div class=\"fusion-column-wrapper fusion-flex-justify-content-flex-start fusion-content-layout-column\" style=\"background-position:left top;background-repeat:no-repeat;-webkit-background-size:cover;-moz-background-size:cover;-o-background-size:cover;background-size:cover;padding: 0px 0px 0px 0px;\"><div class=\"fusion-text fusion-text-1\"><h1>Descargar Cursos en PDF<\/h1>\n<p>Esta p\u00e1gina es para personas que se han negado a utilizar servicios de terceros o para personas que desean descargar los cursos en formato PDF. Sin embargo, recomendamos utilizar la opci\u00f3n del curso interactivo directamente en el sitio web. Los PDF son exportaciones generadas autom\u00e1ticamente de los cursos y, por lo tanto, el dise\u00f1o no siempre est\u00e1 optimizado.<\/p>\n<\/div><\/div><style type=\"text\/css\">.fusion-body .fusion-builder-column-0{width:100% !important;margin-top : 0px;margin-bottom : 20px;}.fusion-builder-column-0 > .fusion-column-wrapper {padding-top : 0px !important;padding-right : 0px !important;margin-right : 1.92%;padding-bottom : 0px !important;padding-left : 0px !important;margin-left : 1.92%;}@media only screen and (max-width:1024px) {.fusion-body .fusion-builder-column-0{width:100% !important;order : 0;}.fusion-builder-column-0 > .fusion-column-wrapper {margin-right : 1.92%;margin-left : 1.92%;}}@media only screen and (max-width:640px) {.fusion-body .fusion-builder-column-0{width:100% !important;order : 0;}.fusion-builder-column-0 > .fusion-column-wrapper {margin-right : 1.92%;margin-left : 1.92%;}}<\/style><\/div><div class=\"fusion-layout-column fusion_builder_column fusion-builder-column-1 fusion_builder_column_1_1 1_1 fusion-flex-column\"><div class=\"fusion-column-wrapper fusion-flex-justify-content-flex-start fusion-content-layout-column\" style=\"background-position:left top;background-repeat:no-repeat;-webkit-background-size:cover;-moz-background-size:cover;-o-background-size:cover;background-size:cover;padding: 0px 0px 0px 0px;\"><div ><style type=\"text\/css\">.fusion-button.button-1 .fusion-button-text, .fusion-button.button-1 i {color:#ffffff;}.fusion-button.button-1 .fusion-button-icon-divider{border-color:#ffffff;}.fusion-button.button-1:hover .fusion-button-text, .fusion-button.button-1:hover i,.fusion-button.button-1:focus .fusion-button-text, .fusion-button.button-1:focus i,.fusion-button.button-1:active .fusion-button-text, .fusion-button.button-1:active{color:#ffffff;}.fusion-button.button-1:hover .fusion-button-icon-divider, .fusion-button.button-1:hover .fusion-button-icon-divider, .fusion-button.button-1:active .fusion-button-icon-divider{border-color:#ffffff;}.fusion-button.button-1:hover, .fusion-button.button-1:focus, .fusion-button.button-1:active{border-color:#ffffff;}.fusion-button.button-1 {border-color:#ffffff;border-radius:2px;}.fusion-button.button-1{background: #e960b2;}.fusion-button.button-1:hover,.button-1:focus,.fusion-button.button-1:active{background: #97a0a8;}<\/style><a class=\"fusion-button button-flat button-xlarge button-custom button-1 fusion-button-span-yes fusion-button-default-type\" target=\"_blank\" rel=\"noopener noreferrer\" href=\"https:\/\/academy.digicults.eu\/esp\/wp-content\/uploads\/2022\/05\/promoviendo-la-transformacion-digital-zWnvEusB.pdf\" style=\"margin-top:3%;margin-right:3%;margin-bottom:3%;margin-left:3%;\"><i class=\"fa-file-pdf fas button-icon-left\" aria-hidden=\"true\"><\/i><span class=\"fusion-button-text\">Promoviendo la Transformaci\u00f3n Digital<\/span><\/a><\/div><div ><style type=\"text\/css\">.fusion-button.button-2 .fusion-button-text, .fusion-button.button-2 i {color:#ffffff;}.fusion-button.button-2 .fusion-button-icon-divider{border-color:#ffffff;}.fusion-button.button-2:hover .fusion-button-text, .fusion-button.button-2:hover i,.fusion-button.button-2:focus .fusion-button-text, .fusion-button.button-2:focus i,.fusion-button.button-2:active .fusion-button-text, .fusion-button.button-2:active{color:#ffffff;}.fusion-button.button-2:hover .fusion-button-icon-divider, .fusion-button.button-2:hover .fusion-button-icon-divider, .fusion-button.button-2:active .fusion-button-icon-divider{border-color:#ffffff;}.fusion-button.button-2:hover, .fusion-button.button-2:focus, .fusion-button.button-2:active{border-color:#ffffff;}.fusion-button.button-2 {border-color:#ffffff;border-radius:2px;}.fusion-button.button-2{background: #1f94b7;}.fusion-button.button-2:hover,.button-2:focus,.fusion-button.button-2:active{background: #97a0a8;}<\/style><a class=\"fusion-button button-flat button-xlarge button-custom button-2 fusion-button-span-yes fusion-button-default-type\" target=\"_blank\" rel=\"noopener noreferrer\" href=\"https:\/\/academy.digicults.eu\/esp\/wp-content\/uploads\/2022\/05\/credibilidad-confianza-online-rLw50SL1.pdf\" style=\"margin-top:3%;margin-right:3%;margin-bottom:3%;margin-left:3%;\"><i class=\"fa-file-pdf fas button-icon-left\" aria-hidden=\"true\"><\/i><span class=\"fusion-button-text\">Credibilidad &amp; Confianza Online<\/span><\/a><\/div><div ><style type=\"text\/css\">.fusion-button.button-3 .fusion-button-text, .fusion-button.button-3 i {color:#ffffff;}.fusion-button.button-3 .fusion-button-icon-divider{border-color:#ffffff;}.fusion-button.button-3:hover .fusion-button-text, .fusion-button.button-3:hover i,.fusion-button.button-3:focus .fusion-button-text, .fusion-button.button-3:focus i,.fusion-button.button-3:active .fusion-button-text, .fusion-button.button-3:active{color:#ffffff;}.fusion-button.button-3:hover .fusion-button-icon-divider, .fusion-button.button-3:hover .fusion-button-icon-divider, .fusion-button.button-3:active .fusion-button-icon-divider{border-color:#ffffff;}.fusion-button.button-3:hover, .fusion-button.button-3:focus, .fusion-button.button-3:active{border-color:#ffffff;}.fusion-button.button-3 {border-color:#ffffff;border-radius:2px;}.fusion-button.button-3{background: #98cd19;}.fusion-button.button-3:hover,.button-3:focus,.fusion-button.button-3:active{background: #97a0a8;}<\/style><a class=\"fusion-button button-flat button-xlarge button-custom button-3 fusion-button-span-yes fusion-button-default-type\" target=\"_blank\" rel=\"noopener noreferrer\" href=\"https:\/\/academy.digicults.eu\/esp\/wp-content\/uploads\/2022\/05\/su-estrategia-en-redes-sociales-WTbqH8_3.pdf\" style=\"margin-top:3%;margin-right:3%;margin-bottom:3%;margin-left:3%;\"><i class=\"fa-file-pdf fas button-icon-left\" aria-hidden=\"true\"><\/i><span class=\"fusion-button-text\">Su Estrategia en Redes Sociales<\/span><\/a><\/div><div ><style type=\"text\/css\">.fusion-button.button-4 .fusion-button-text, .fusion-button.button-4 i {color:#ffffff;}.fusion-button.button-4 .fusion-button-icon-divider{border-color:#ffffff;}.fusion-button.button-4:hover .fusion-button-text, .fusion-button.button-4:hover i,.fusion-button.button-4:focus .fusion-button-text, .fusion-button.button-4:focus i,.fusion-button.button-4:active .fusion-button-text, .fusion-button.button-4:active{color:#ffffff;}.fusion-button.button-4:hover .fusion-button-icon-divider, .fusion-button.button-4:hover .fusion-button-icon-divider, .fusion-button.button-4:active .fusion-button-icon-divider{border-color:#ffffff;}.fusion-button.button-4:hover, .fusion-button.button-4:focus, .fusion-button.button-4:active{border-color:#ffffff;}.fusion-button.button-4 {border-color:#ffffff;border-radius:2px;}.fusion-button.button-4{background: #ef9a62;}.fusion-button.button-4:hover,.button-4:focus,.fusion-button.button-4:active{background: #97a0a8;}<\/style><a class=\"fusion-button button-flat button-xlarge button-custom button-4 fusion-button-span-yes fusion-button-default-type\" target=\"_blank\" rel=\"noopener noreferrer\" href=\"https:\/\/academy.digicults.eu\/esp\/wp-content\/uploads\/2022\/05\/mejora-la-presencia-digital-de-tu-empresa-nautica-dGCi1qx6.pdf\" style=\"margin-top:3%;margin-right:3%;margin-bottom:3%;margin-left:3%;\"><i class=\"fa-file-pdf fas button-icon-left\" aria-hidden=\"true\"><\/i><span class=\"fusion-button-text\">Mejora la Presencia Digital de tu Empresa N\u00e1utica<\/span><\/a><\/div><div ><style type=\"text\/css\">.fusion-button.button-5 .fusion-button-text, .fusion-button.button-5 i {color:#ffffff;}.fusion-button.button-5 .fusion-button-icon-divider{border-color:#ffffff;}.fusion-button.button-5:hover .fusion-button-text, .fusion-button.button-5:hover i,.fusion-button.button-5:focus .fusion-button-text, .fusion-button.button-5:focus i,.fusion-button.button-5:active .fusion-button-text, .fusion-button.button-5:active{color:#ffffff;}.fusion-button.button-5:hover .fusion-button-icon-divider, .fusion-button.button-5:hover .fusion-button-icon-divider, .fusion-button.button-5:active .fusion-button-icon-divider{border-color:#ffffff;}.fusion-button.button-5:hover, .fusion-button.button-5:focus, .fusion-button.button-5:active{border-color:#ffffff;}.fusion-button.button-5 {border-color:#ffffff;border-radius:2px;}.fusion-button.button-5{background: #a8a8a8;}.fusion-button.button-5:hover,.button-5:focus,.fusion-button.button-5:active{background: #97a0a8;}<\/style><a class=\"fusion-button button-flat button-xlarge button-custom button-5 fusion-button-span-yes fusion-button-default-type\" target=\"_self\" href=\"https:\/\/academy.digicults.eu\/esp\/wp-content\/uploads\/2022\/05\/course_esp.zip\" style=\"margin-top:6%;margin-right:3%;margin-bottom:3%;margin-left:3%;\"><i class=\"fa-download fas button-icon-left\" aria-hidden=\"true\"><\/i><span class=\"fusion-button-text\">Descargar Todos los Cursos en .zip<\/span><\/a><\/div><\/div><style type=\"text\/css\">.fusion-body .fusion-builder-column-1{width:100% !important;margin-top : 0px;margin-bottom : 20px;}.fusion-builder-column-1 > .fusion-column-wrapper {padding-top : 0px !important;padding-right : 0px !important;margin-right : 63.36%;padding-bottom : 0px !important;padding-left : 0px !important;margin-left : 1.92%;}@media only screen and (max-width:1024px) {.fusion-body .fusion-builder-column-1{width:100% !important;order : 0;}.fusion-builder-column-1 > .fusion-column-wrapper {margin-right : 1.92%;margin-left : 1.92%;}}@media only screen and (max-width:640px) {.fusion-body .fusion-builder-column-1{width:100% !important;order : 0;}.fusion-builder-column-1 > .fusion-column-wrapper {margin-right : 1.92%;margin-left : 1.92%;}}<\/style><\/div><\/div><style type=\"text\/css\">.fusion-body .fusion-flex-container.fusion-builder-row-1{ padding-top : 0px;margin-top : 0px;padding-right : 0px;padding-bottom : 0px;margin-bottom : 0px;padding-left : 0px;}<\/style><\/div><div class=\"fusion-fullwidth fullwidth-box fusion-builder-row-2 fusion-flex-container nonhundred-percent-fullwidth non-hundred-percent-height-scrolling\" style=\"background-color: rgba(255,255,255,0);background-position: center center;background-repeat: no-repeat;border-width: 0px 0px 0px 0px;border-color:#eae9e9;border-style:solid;\" ><div class=\"fusion-builder-row fusion-row fusion-flex-align-items-flex-start\" style=\"max-width:2184px;margin-left: calc(-4% \/ 2 );margin-right: calc(-4% \/ 2 );\"><div class=\"fusion-layout-column fusion_builder_column fusion-builder-column-2 fusion_builder_column_1_1 1_1 fusion-flex-column\"><div class=\"fusion-column-wrapper fusion-flex-justify-content-flex-start fusion-content-layout-column\" style=\"background-position:left top;background-repeat:no-repeat;-webkit-background-size:cover;-moz-background-size:cover;-o-background-size:cover;background-size:cover;padding: 0px 0px 0px 0px;\"><div class=\"fusion-text fusion-text-2 fusion-text-no-margin\"><div id=\"content-1649842853226\" class=\"ui-box kb jw cd kd ke kf kg kh kf ki kj kk kl km kn ko kp kq kr ks kt ku kv kw kx ky kz la lb lc ld le lf lg lh li lj lk ll lm ln lo lp lq lr ls lt lu lv lw lx ly lz ma mb mc md me mf mg mh mi mj mk ml mm mn mo mp mq mr ms mt mu mv mw mx my mz na nb nc nd ne nf ng nh ni nj nk nl nm nn no np nq nr ns nt nu nv nw nx ny nz oa ob oc od oe of og oh oi oj ok ol om on oo op oq or os ot ou ov ow ox oy oz pa pb pc pd pe pf pg ph pi pj pk pl pm pn po pp pq pr ps pt pu pv pw px py pz qa qb qc qd qe qf qg qh qi qj qk ql qm qn qo qp qq qr qs qt qu qv qw qx qy qz ra rb rc rd re rf rg rh ri rj rk rl rm rn ro rp rq rr rs rt cu ru rv rw rx ry rz sa sb sc sd se sf sg sh si sj ui-chat__message__content\" dir=\"auto\" aria-label=\"We provide all DigiCulTS courses as\u00a0 Link Open Educational Resources (OER) . The text of this work is licensed under a \u00a0 Link Creative Commons Attribution 4.0 International License. \u00a0 Please take note that some materials used with permission (esp. pictures) or cited in this work might be copyright-protected. We have tried to acknowledge all our sources. If for some reason we have forgotten to provide you with proper credits, it has not been done with malicious intent. Feel free to contact the \u00a0 DigiCulTS project coordinators \u00a0 at \u00a0 Link office@studienzentrum.at .\">\n<div>\n<p>Ofrecemos todos los cursos de DigiCulTS como <a href=\"https:\/\/www.unesco.org\/en\/communication-information\/open-solutions\/open-educational-resources\">Recursos Educativos Abiertos (REA)<\/a>. El texto de este trabajo est\u00e1 bajo una licencia<a href=\"https:\/\/creativecommons.org\/share-your-work\/public-domain\/freeworks\"> Creative Commons Attribution 4.0 International License<\/a>. Tenga en cuenta que algunos materiales utilizados con permiso (especialmente im\u00e1genes) o citados en este trabajo pueden estar protegidos por derechos de autor. Hemos tratado de reconocer todas nuestras fuentes. Si por alg\u00fan motivo nos hemos olvidado de proporcionarle los cr\u00e9ditos adecuados, no se ha hecho con malas intenciones. No dude en ponerse en contacto con los coordinadores del proyecto DigiCulTS en <a href=\"mailto:office@studienzentrum.at\">office@studienzentrum.at.<\/a><\/p>\n<\/div>\n<\/div>\n<\/div><\/div><style type=\"text\/css\">.fusion-body .fusion-builder-column-2{width:100% !important;margin-top : 0px;margin-bottom : 0px;}.fusion-builder-column-2 > .fusion-column-wrapper {padding-top : 0 !important;padding-right : 0px !important;margin-right : 1.92%;padding-bottom : 0 !important;padding-left : 0px !important;margin-left : 1.92%;}@media only screen and (max-width:1024px) {.fusion-body .fusion-builder-column-2{width:100% !important;order : 0;}.fusion-builder-column-2 > .fusion-column-wrapper {margin-right : 1.92%;margin-left : 1.92%;}}@media only screen and (max-width:640px) {.fusion-body .fusion-builder-column-2{width:100% !important;order : 0;}.fusion-builder-column-2 > .fusion-column-wrapper {margin-right : 1.92%;margin-left : 1.92%;}}<\/style><\/div><\/div><style type=\"text\/css\">.fusion-body .fusion-flex-container.fusion-builder-row-2{ padding-top : 0px;margin-top : 0px;padding-right : 0px;padding-bottom : 0px;margin-bottom : 0px;padding-left : 0px;}<\/style><\/div><\/p>\n","protected":false},"excerpt":{"rendered":"","protected":false},"author":3,"featured_media":0,"parent":0,"menu_order":0,"comment_status":"closed","ping_status":"closed","template":"","meta":{"_bbp_topic_count":0,"_bbp_reply_count":0,"_bbp_total_topic_count":0,"_bbp_total_reply_count":0,"_bbp_voice_count":0,"_bbp_anonymous_reply_count":0,"_bbp_topic_count_hidden":0,"_bbp_reply_count_hidden":0,"_bbp_forum_subforum_count":0,"footnotes":""},"class_list":["post-343","page","type-page","status-publish","hentry"],"yoast_head":"<!-- This site is optimized with the Yoast SEO plugin v16.1.1 - https:\/\/yoast.com\/wordpress\/plugins\/seo\/ -->\n<title>Descargar Cursos en PDF - DigiCults<\/title>\n<link rel=\"canonical\" href=\"https:\/\/academy.digicults.eu\/esp\/download-courses-as-pdf\/\" \/>\n<meta property=\"og:locale\" content=\"de_DE\" \/>\n<meta property=\"og:type\" content=\"article\" \/>\n<meta property=\"og:title\" content=\"Descargar Cursos en PDF - DigiCults\" \/>\n<meta property=\"og:url\" content=\"https:\/\/academy.digicults.eu\/esp\/download-courses-as-pdf\/\" \/>\n<meta property=\"og:site_name\" content=\"DigiCults\" \/>\n<meta property=\"article:modified_time\" content=\"2022-05-25T14:12:40+00:00\" \/>\n<meta name=\"twitter:card\" content=\"summary_large_image\" \/>\n<meta name=\"twitter:label1\" content=\"Est. reading time\">\n\t<meta name=\"twitter:data1\" content=\"4 Minuten\">\n<script type=\"application\/ld+json\" class=\"yoast-schema-graph\">{\"@context\":\"https:\/\/schema.org\",\"@graph\":[{\"@type\":\"WebSite\",\"@id\":\"https:\/\/academy.digicults.eu\/esp\/#website\",\"url\":\"https:\/\/academy.digicults.eu\/esp\/\",\"name\":\"DigiCults\",\"description\":\"Website for the Digicultsproject\",\"potentialAction\":[{\"@type\":\"SearchAction\",\"target\":\"https:\/\/academy.digicults.eu\/esp\/?s={search_term_string}\",\"query-input\":\"required name=search_term_string\"}],\"inLanguage\":\"de-AT\"},{\"@type\":\"WebPage\",\"@id\":\"https:\/\/academy.digicults.eu\/esp\/download-courses-as-pdf\/#webpage\",\"url\":\"https:\/\/academy.digicults.eu\/esp\/download-courses-as-pdf\/\",\"name\":\"Descargar Cursos en PDF - DigiCults\",\"isPartOf\":{\"@id\":\"https:\/\/academy.digicults.eu\/esp\/#website\"},\"datePublished\":\"2022-04-14T08:50:56+00:00\",\"dateModified\":\"2022-05-25T14:12:40+00:00\",\"breadcrumb\":{\"@id\":\"https:\/\/academy.digicults.eu\/esp\/download-courses-as-pdf\/#breadcrumb\"},\"inLanguage\":\"de-AT\",\"potentialAction\":[{\"@type\":\"ReadAction\",\"target\":[\"https:\/\/academy.digicults.eu\/esp\/download-courses-as-pdf\/\"]}]},{\"@type\":\"BreadcrumbList\",\"@id\":\"https:\/\/academy.digicults.eu\/esp\/download-courses-as-pdf\/#breadcrumb\",\"itemListElement\":[{\"@type\":\"ListItem\",\"position\":1,\"item\":{\"@type\":\"WebPage\",\"@id\":\"https:\/\/academy.digicults.eu\/esp\/\",\"url\":\"https:\/\/academy.digicults.eu\/esp\/\",\"name\":\"Home\"}},{\"@type\":\"ListItem\",\"position\":2,\"item\":{\"@type\":\"WebPage\",\"@id\":\"https:\/\/academy.digicults.eu\/esp\/download-courses-as-pdf\/\",\"url\":\"https:\/\/academy.digicults.eu\/esp\/download-courses-as-pdf\/\",\"name\":\"Descargar Cursos en PDF\"}}]}]}<\/script>\n<!-- \/ Yoast SEO plugin. -->","_links":{"self":[{"href":"https:\/\/academy.digicults.eu\/esp\/wp-json\/wp\/v2\/pages\/343","targetHints":{"allow":["GET"]}}],"collection":[{"href":"https:\/\/academy.digicults.eu\/esp\/wp-json\/wp\/v2\/pages"}],"about":[{"href":"https:\/\/academy.digicults.eu\/esp\/wp-json\/wp\/v2\/types\/page"}],"author":[{"embeddable":true,"href":"https:\/\/academy.digicults.eu\/esp\/wp-json\/wp\/v2\/users\/3"}],"replies":[{"embeddable":true,"href":"https:\/\/academy.digicults.eu\/esp\/wp-json\/wp\/v2\/comments?post=343"}],"version-history":[{"count":13,"href":"https:\/\/academy.digicults.eu\/esp\/wp-json\/wp\/v2\/pages\/343\/revisions"}],"predecessor-version":[{"id":459,"href":"https:\/\/academy.digicults.eu\/esp\/wp-json\/wp\/v2\/pages\/343\/revisions\/459"}],"wp:attachment":[{"href":"https:\/\/academy.digicults.eu\/esp\/wp-json\/wp\/v2\/media?parent=343"}],"curies":[{"name":"wp","href":"https:\/\/api.w.org\/{rel}","templated":true}]}}